{"id":27,"date":"2022-05-03T11:49:13","date_gmt":"2022-05-03T09:49:13","guid":{"rendered":"https:\/\/www.magalit.fr\/?page_id=27"},"modified":"2026-03-29T15:59:14","modified_gmt":"2026-03-29T13:59:14","slug":"nous-contacter","status":"publish","type":"page","link":"https:\/\/magalit.fr\/index.php\/nous-contacter\/","title":{"rendered":"Contact"},"content":{"rendered":"\t\t<div data-elementor-type=\"wp-page\" data-elementor-id=\"27\" class=\"elementor elementor-27\">\n\t\t\t\t<div class=\"elementor-element elementor-element-96dbe4e e-flex e-con-boxed e-con e-parent\" data-id=\"96dbe4e\" data-element_type=\"container\" data-e-type=\"container\">\n\t\t\t\t\t<div class=\"e-con-inner\">\n\t\t\t\t<div class=\"elementor-element elementor-element-043c5a6 elementor-widget elementor-widget-heading\" data-id=\"043c5a6\" data-element_type=\"widget\" data-e-type=\"widget\" data-widget_type=\"heading.default\">\n\t\t\t\t<div class=\"elementor-widget-container\">\n\t\t\t\t\t<h2 class=\"elementor-heading-title elementor-size-default\">CONTACT<\/h2>\t\t\t\t<\/div>\n\t\t\t\t<\/div>\n\t\t\t\t<div class=\"elementor-element elementor-element-2b4e24d e-transform elementor-widget elementor-widget-text-editor\" data-id=\"2b4e24d\" data-element_type=\"widget\" data-e-type=\"widget\" data-settings=\"{&quot;_transform_translateX_effect&quot;:{&quot;unit&quot;:&quot;px&quot;,&quot;size&quot;:0,&quot;sizes&quot;:[]},&quot;_transform_translateX_effect_tablet&quot;:{&quot;unit&quot;:&quot;px&quot;,&quot;size&quot;:&quot;&quot;,&quot;sizes&quot;:[]},&quot;_transform_translateX_effect_mobile&quot;:{&quot;unit&quot;:&quot;px&quot;,&quot;size&quot;:&quot;&quot;,&quot;sizes&quot;:[]},&quot;_transform_translateY_effect&quot;:{&quot;unit&quot;:&quot;px&quot;,&quot;size&quot;:&quot;&quot;,&quot;sizes&quot;:[]},&quot;_transform_translateY_effect_tablet&quot;:{&quot;unit&quot;:&quot;px&quot;,&quot;size&quot;:&quot;&quot;,&quot;sizes&quot;:[]},&quot;_transform_translateY_effect_mobile&quot;:{&quot;unit&quot;:&quot;px&quot;,&quot;size&quot;:&quot;&quot;,&quot;sizes&quot;:[]}}\" data-widget_type=\"text-editor.default\">\n\t\t\t\t<div class=\"elementor-widget-container\">\n\t\t\t\t\t\t\t\t\t<p>Joignable par mail 24\/24h et 7\/7 jrs\u00a0 et par t\u00e9l\u00e9phone du lundi au vendredi de 8h \u00e0 18h.\u00a0<\/p>\n<p>\u00a0<\/p>\t\t\t\t\t\t\t\t<\/div>\n\t\t\t\t<\/div>\n\t\t\t\t\t<\/div>\n\t\t\t\t<\/div>\n\t\t<div class=\"elementor-element elementor-element-86d9b09 e-flex e-con-boxed e-con e-parent\" data-id=\"86d9b09\" data-element_type=\"container\" data-e-type=\"container\">\n\t\t\t\t\t<div class=\"e-con-inner\">\n\t\t<div class=\"elementor-element elementor-element-d6b6bc1 e-con-full e-flex e-con e-child\" data-id=\"d6b6bc1\" data-element_type=\"container\" data-e-type=\"container\">\n\t\t\t\t<div class=\"elementor-element elementor-element-77f2ff1 e-transform elementor-widget elementor-widget-image\" data-id=\"77f2ff1\" data-element_type=\"widget\" data-e-type=\"widget\" data-settings=\"{&quot;_transform_scale_effect&quot;:{&quot;unit&quot;:&quot;px&quot;,&quot;size&quot;:1.1,&quot;sizes&quot;:[]},&quot;_transform_scale_effect_tablet&quot;:{&quot;unit&quot;:&quot;px&quot;,&quot;size&quot;:&quot;&quot;,&quot;sizes&quot;:[]},&quot;_transform_scale_effect_mobile&quot;:{&quot;unit&quot;:&quot;px&quot;,&quot;size&quot;:&quot;&quot;,&quot;sizes&quot;:[]}}\" data-widget_type=\"image.default\">\n\t\t\t\t<div class=\"elementor-widget-container\">\n\t\t\t\t\t\t\t\t\t\t\t\t\t\t\t<img fetchpriority=\"high\" decoding=\"async\" width=\"950\" height=\"634\" src=\"https:\/\/magalit.fr\/wp-content\/uploads\/2024\/09\/businessman-using-laptop-mobile-phone-1024x683.jpg\" class=\"attachment-large size-large wp-image-128\" alt=\"\" srcset=\"https:\/\/magalit.fr\/wp-content\/uploads\/2024\/09\/businessman-using-laptop-mobile-phone-1024x683.jpg 1024w, https:\/\/magalit.fr\/wp-content\/uploads\/2024\/09\/businessman-using-laptop-mobile-phone-300x200.jpg 300w, https:\/\/magalit.fr\/wp-content\/uploads\/2024\/09\/businessman-using-laptop-mobile-phone-2000x1333.jpg 2000w, https:\/\/magalit.fr\/wp-content\/uploads\/2024\/09\/businessman-using-laptop-mobile-phone-scaled-1536x1024.jpg 1536w, https:\/\/magalit.fr\/wp-content\/uploads\/2024\/09\/businessman-using-laptop-mobile-phone-scaled-2048x1366.jpg 2048w\" sizes=\"100vw\" \/>\t\t\t\t\t\t\t\t\t\t\t\t\t\t\t<\/div>\n\t\t\t\t<\/div>\n\t\t\t\t<\/div>\n\t\t<div class=\"elementor-element elementor-element-1907e69 e-con-full e-flex e-con e-child\" data-id=\"1907e69\" data-element_type=\"container\" data-e-type=\"container\">\n\t\t\t\t<div class=\"elementor-element elementor-element-66035aa elementor-widget elementor-widget-text-editor\" data-id=\"66035aa\" data-element_type=\"widget\" data-e-type=\"widget\" data-widget_type=\"text-editor.default\">\n\t\t\t\t<div class=\"elementor-widget-container\">\n\t\t\t\t\t\t\t\t\t<p><\/p>\n<p><strong>E-mail :\u00a0<\/strong><a href=\"mailto:mvincent@magalit.fr\">mvincent@magalit.fr<\/a><\/p>\n<p><\/p>\n<p><strong>T\u00e9l\u00e9phone : <\/strong>06 29 93 85 93<\/p>\n<p>\u00a0<\/p>\n<p>Merci pour votre confiance.\u00a0<\/p>\n<p>A tr\u00e8s bient\u00f4t, Magali.\u00a0<\/p>\n<p><\/p>\t\t\t\t\t\t\t\t<\/div>\n\t\t\t\t<\/div>\n\t\t\t\t<\/div>\n\t\t\t\t\t<\/div>\n\t\t\t\t<\/div>\n\t\t\t\t<\/div>\n\t\t","protected":false},"excerpt":{"rendered":"<p>CONTACT Joignable par mail 24\/24h et 7\/7 jrs\u00a0 et par t\u00e9l\u00e9phone du lundi au vendredi de 8h \u00e0 18h.\u00a0 \u00a0 E-mail :\u00a0mvincent@magalit.fr T\u00e9l\u00e9phone : 06 29 93 85 93 \u00a0 &hellip; <\/p>\n<p class=\"link-more\"><a href=\"https:\/\/magalit.fr\/index.php\/nous-contacter\/\" class=\"more-link\">Lire la suite de<span class=\"screen-reader-text\">\u00ab\u00a0Contact\u00a0\u00bb<\/span><\/a><\/p>\n","protected":false},"author":3,"featured_media":0,"parent":0,"menu_order":0,"comment_status":"closed","ping_status":"closed","template":"","meta":{"inspiro_hide_title":false,"footnotes":""},"class_list":["post-27","page","type-page","status-publish","hentry"],"_links":{"self":[{"href":"https:\/\/magalit.fr\/index.php\/wp-json\/wp\/v2\/pages\/27","targetHints":{"allow":["GET"]}}],"collection":[{"href":"https:\/\/magalit.fr\/index.php\/wp-json\/wp\/v2\/pages"}],"about":[{"href":"https:\/\/magalit.fr\/index.php\/wp-json\/wp\/v2\/types\/page"}],"author":[{"embeddable":true,"href":"https:\/\/magalit.fr\/index.php\/wp-json\/wp\/v2\/users\/3"}],"replies":[{"embeddable":true,"href":"https:\/\/magalit.fr\/index.php\/wp-json\/wp\/v2\/comments?post=27"}],"version-history":[{"count":29,"href":"https:\/\/magalit.fr\/index.php\/wp-json\/wp\/v2\/pages\/27\/revisions"}],"predecessor-version":[{"id":328,"href":"https:\/\/magalit.fr\/index.php\/wp-json\/wp\/v2\/pages\/27\/revisions\/328"}],"wp:attachment":[{"href":"https:\/\/magalit.fr\/index.php\/wp-json\/wp\/v2\/media?parent=27"}],"curies":[{"name":"wp","href":"https:\/\/api.w.org\/{rel}","templated":true}]}}